{"id":1747,"date":"2014-12-04T01:12:49","date_gmt":"2014-12-04T00:12:49","guid":{"rendered":"https:\/\/www.worldagronomistsassociation.org\/?page_id=1747"},"modified":"2015-06-25T14:26:20","modified_gmt":"2015-06-25T12:26:20","slug":"waa-for-expo2015","status":"publish","type":"page","link":"https:\/\/www.worldagronomistsassociation.org\/es\/waa-for-expo2015\/","title":{"rendered":"PROGRAMA DE ESPONSORIZACI\u00d3N  WAA FOR EXPO2015 &#8211; THE GLOBAL FARM  OF THE FUTURE 2.0"},"content":{"rendered":"La <b>World <\/b><b>Association<\/b><b> of <\/b><b>Agronomists<\/b><b> (WWA) <\/b>en la Asamblea del 20 de septiembre de 2012 en la ciudad de Quebec, ha delegado al Consiglio Nazionale dei Dottori Agronomi e Dottori Forestali \u2013 <b>CONAF<\/b> \u2013 (equivalente italiano del Consejo General de los Colegios Oficiales de Ingenieros Agronomos) \u2013 a organizar el <b>VI Congreso Mundial de Agr\u00f3nomos<\/b> y actividades relacionadas con la Exposici\u00f3n Universal de 2015 en Mil\u00e1n.<\/p>\n<p><i>El Consejo Nacional <\/i>ha preparado una propuesta de proyecto para la participaci\u00f3n en la Expo 2015, denominada <b>WAA para EXPO2015 \u2013 <\/b><b>The<\/b><b> Global <\/b><b>Farm<\/b><b> of <\/b><b>the<\/b> <b>Future<\/b><b> 2.0<\/b>, aprobada por EXPO2015, con contrato de participaci\u00f3n firmado el 09 de julio 2014 prot. 10\/2014 WAA.<br \/>\nCon resoluci\u00f3n CONAF n\u00b0. 447\/2014 se ha aprobado la integraci\u00f3n al acuerdo de participaci\u00f3n para la creaci\u00f3n de su propio espacio de exposici\u00f3n llamada <i>\u201c<\/i><b><i>The<\/i><\/b> <b><i>Agronomist<\/i><\/b><b><i>&#8211; <\/i><\/b><b><i>The<\/i><\/b> <b><i>Farm<\/i><\/b><b><i> Global <\/i><\/b><b><i>Lab<\/i><\/b><b><i> 2.0<\/i><\/b><i>\u00ab.<\/i><\/p>\n<h3>El <b>PABELL\u00d3N<\/b><\/h3>\n<p><img src=\"https:\/\/www.worldagronomistsassociation.org\/wp-content\/uploads\/prospetto.png\" alt=\"\" \/><\/p>\n<h3>FLUJOS<\/h3>\n<p><img src=\"https:\/\/www.worldagronomistsassociation.org\/wp-content\/uploads\/flussi.png\" alt=\"\" \/><\/p>\n<div class=\"su-accordion su-u-trim\">\n<div class=\"su-spoiler su-spoiler-style-fancy su-spoiler-icon-plus su-spoiler-closed\" data-scroll-offset=\"0\" data-anchor-in-url=\"no\"><div class=\"su-spoiler-title\" tabindex=\"0\" role=\"button\"><span class=\"su-spoiler-icon\"><\/span>INTRODUCCI\u00d3N<\/div><div class=\"su-spoiler-content su-u-clearfix su-u-trim\">\nTodas las actividades que se patrocinan en el evento deben ser compatibles con las reglas del esponsor publicadas en la p\u00e0gina <a href=\"http:\/\/www.conaf.it\/sites\/default\/files\/reg-sponsorizzazioniCONAF-.pdf\">http:\/\/www.conaf.it\/sites\/default\/files\/reg-sponsorizzazioniCONAF-.pdf<\/a>, con el c\u00f3digo deontol\u00f3gico de los Ingenieros Agr\u00f3nomos publicados en la pagina <a href=\"http:\/\/www.conaf.it\/codice-deontologico-dottori-agronomi-dottori-forestali-italiani\">http:\/\/www.conaf.it\/codice-deontologico-dottori-agronomi-dottori-forestali-italiani<\/a> y compatibles con las disposiciones emitidas por EXPO2015 spa.<\/p>\n<p>Con resoluci\u00f3n n\u00b0. 448\/2014, el Consejo Nazional, ha designado al Presidente <b>Andrea <\/b><b>Sisti<\/b> como <b>Director del WWA <\/b>para participar en Expo 2015 en virtud del Reglamento Especial de la Expo 2015 y del BIE, en particular el cap\u00edtulo III de la <i>special<\/i> <i>regulation<\/i> nr 2.<\/p>\n<p>El programa de participaci\u00f3n se desarrollar\u00e1 en seis meses y contar\u00e1 con la participaci\u00f3n de 48 organizaciones miembros de la WAA, asociaciones europeas, colegios de agr\u00f3nomos provinciales (italianos e europeos), as\u00ed como las asociaciones profesionales de los distintos categor\u00edas profesionales italianas e europeas. El programa se incluye en la planificaci\u00f3n general de EXPO2015.<\/p>\n<p>El programa para la WAA EXPO2015 est\u00e1 disponible en la p\u00e0gina de la Organizaci\u00f3n Mundial en las tres lenguas oficiales (Ingl\u00e9s, Italiano y Espa\u00f1ol). Tendr\u00e1 varios apartados de desarrollo y un especial inter\u00e9s por las actividades del <b>VI Congreso Mundial de los Agr\u00f3nomos<\/b> que se celebrar\u00e1 en la semana del 14 al 18 de septiembre 2015.<\/p>\n<p>El t\u00edtulo del <b>IV Congreso Mundial<\/b> se llama \u201cAlimentaci\u00f3n e identidad:la explotaci\u00f3n agr\u00eccola global en el futuro.\u201d<\/p>\n<p>Las actividades del programa <b>WAA <\/b><b>for<\/b><b> EXPO2015, <\/b><b>The<\/b><b> Global <\/b><b>Farm<\/b><b> of <\/b><b>the<\/b> <b>Future<\/b>, tambi\u00e9n est\u00e1n disponibles en la p\u00e0gina oficial de la EXPO2015<\/p>\n<p><a href=\"http:\/\/www.expo2015.org\/cs\/Satellite?c=CivilSociety&#038;childpagename=EXPO\/CivilSociety\/EXPOLayoutCivilSociety3&#038;cid=1392229279701&#038;pagename=EXPOWrapper\">http:\/\/www.expo2015.org\/cs\/Satellite?c=CivilSociety&#038;childpagename=EXPO%2FCivilSociety%2FEXPOLayoutCivilSociety3&#038;cid=1392229279701&#038;pagename=EXPOWrapper<\/a><\/p>\n<p><b>Global <\/b><b>Farm<\/b> es la unidad de medida para la evaluaci\u00f3n del bienestar del Planeta donde se miden los diferentes componentes del medio ambiente y la producci\u00f3n. La innovaci\u00f3n del m\u00e9todo consiste en considerar el territorio del planeta un gran puzzle, formado por explotaciones agr\u00eccolas y por lo tanto las mismas, con sus comportamientos, son el term\u00f3metro con el que evaluar el grado de eficiencia.<\/p>\n<p>De ah\u00ed la necesidad de crear el concepto de \u201c<b>Farm<\/b> <b>Lab<\/b><b> 2.0<\/b>\u201d. Un laboratorio que se introduzca en los contextos territoriales y en las explotaciones, donde a trav\u00e9s del trabajo de los agr\u00f3nomos se desarrollen nuevos procesos, nuevos m\u00e9todos y nuevos productos.<\/p>\n<p>El <b>PABELL\u00d3N<\/b> materializa la representaci\u00f3n contextual del proyecto de participaci\u00f3n de la Word Association of Agronomist, en la que estar\u00e1n representados los temas, pr\u00e1cticas e innovaciones de Global Farm.<\/p>\n<p>Durante el semestre de representaci\u00f3n en la Exposici\u00f3n Universal se ejecutar\u00e0 el programa de participaci\u00f3n \u00ab<b>The Global Farm of the Future <\/b>(<b>FGF 2.0<\/b>)\u201d.<br \/>\nEn particolar se tratar\u00e0n los siguientes <b>temas<\/b>:<\/p>\n<ul>\n<li>Las buenas pr\u00e0cticas agr\u00eccolas;<\/li>\n<li>La comparaci\u00f3n de pr\u00e0cticas en los diferentes \u00e0mbitos territoriales;<\/li>\n<li>Los flujos de innovaci\u00f3n y su transferencia;<\/li>\n<li>Los m\u00e9todos de producci\u00f3n de alimentos en relaci\u00f3n con su territorio;<\/li>\n<li>El crecimiento sostenible y la identidad de las comunidades locales.<\/li>\n<\/ul>\n<p>Los temas objeto de actividad y las conferencias en el espacio de exposici\u00f3n durante el per\u00edodo del evento internacional ser\u00e1n los siguientes:<\/p>\n<ul>\n<li>Biodiversidad y mejora gen\u00e8tica<\/li>\n<li>Sostenibilidad y productividad<\/li>\n<li>Desarrollo e identidad local<\/li>\n<li>Alimentaci\u00f3n y residuos alimentarios<\/li>\n<li>Cultura del proyecto y responsabilidad social<\/li>\n<li>El cambio clim\u00e1tico y el \u00e1rea de producci\u00f3n<\/li>\n<\/ul>\n<\/div><\/div>\n<div class=\"su-spoiler su-spoiler-style-fancy su-spoiler-icon-plus su-spoiler-closed\" data-scroll-offset=\"0\" data-anchor-in-url=\"no\"><div class=\"su-spoiler-title\" tabindex=\"0\" role=\"button\"><span class=\"su-spoiler-icon\"><\/span>LA LOCALIZACI\u00d3N DEL PABELL\u00d3N<\/div><div class=\"su-spoiler-content su-u-clearfix su-u-trim\">\n<h3><b>La localizaci\u00f3n del Pabell\u00f3n<\/b><br \/>\n<img src=\"https:\/\/www.worldagronomistsassociation.org\/wp-content\/uploads\/screen1.jpg\" alt=\"\" \/><\/h3>\n<p><img src=\"https:\/\/www.worldagronomistsassociation.org\/wp-content\/uploads\/prospetto.png\" alt=\"\" \/><\/p>\n<\/div><\/div>\n<div class=\"su-spoiler su-spoiler-style-fancy su-spoiler-icon-plus su-spoiler-closed\" data-scroll-offset=\"0\" data-anchor-in-url=\"no\"><div class=\"su-spoiler-title\" tabindex=\"0\" role=\"button\"><span class=\"su-spoiler-icon\"><\/span>FARMLAB 2.0<\/div><div class=\"su-spoiler-content su-u-clearfix su-u-trim\">\n<span id=\"farmlab\"><\/span><\/p>\n<h3><b>FARMLAB 2.0<\/b><\/h3>\n<p><img src=\"https:\/\/www.worldagronomistsassociation.org\/wp-content\/uploads\/screen4.jpg\" alt=\"\" \/><br \/>\n<\/div><\/div>\n<div class=\"su-spoiler su-spoiler-style-fancy su-spoiler-icon-plus su-spoiler-closed\" data-scroll-offset=\"0\" data-anchor-in-url=\"no\"><div class=\"su-spoiler-title\" tabindex=\"0\" role=\"button\"><span class=\"su-spoiler-icon\"><\/span>HERRAMIENTAS DE COMUNICACI\u00d3N<\/div><div class=\"su-spoiler-content su-u-clearfix su-u-trim\">\n<span id=\"strumenticomunicazione\"><\/span><\/p>\n<h3>HERRAMIENTAS DE COMUNICACI\u00d3N<\/h3>\n<p>Por la atenci\u00f3n y el prestigio que el evento garantizar\u00e0 a los sujetos participantes, el Consejo de Nacional pide a los interlocutores m\u00e1s cualificados de participar y apoyar la iniciativa (en las formas y acuerdos descritos a continuaci\u00f3n) consintiendo la promoci\u00f3n de la Marca.<\/p>\n<p>La presencia de la <b>Marca del <\/b><b>Esponsor<\/b> en los diferentes espacios aparecer\u00e1, dependiendo del tipo de patrocinio elegido, de diversas maneras seg\u00fan las herramientas de comunicaci\u00f3n que acompa\u00f1an y\/o siguen EXPO Conaf y dentro de la Global Farm:<\/p>\n<p>1. Visibilidad en la p\u00e1gina web dedicada al evento: estandarte, etc.<br \/>\n2. Logotipo Visual in carta \u2013 comunicaci\u00f3n EXPO en el que est\u00e0 presente WAA \u2013 AMIA representado por el CONAF<br \/>\n3. Inclusi\u00f3n del logotipo en toda la programaci\u00f3n de la EXPO<br \/>\n4. Logotipo en una secci\u00f3n dedicada en la p\u00e0gina Web del Evento <a href=\"http:\/\/www.conaf.it\/\"><a href=\"http:\/\/www.conaf.it\" rel=\"nofollow\">http:\/\/www.conaf.it<\/a><br \/>\n<\/a>5. Logotipo en una secci\u00f3n dedicada en la p\u00e0gina Web con dufusi\u00f3n mundial <a href=\"https:\/\/www.worldagronomistsassociation.org\/it\"><a href=\"http:\/\/www.worldagronomistsassociation.org\/it\" rel=\"nofollow\">http:\/\/www.worldagronomistsassociation.org\/it<\/a><br \/>\n<\/a>6. Logotipo en el bolet\u00edn de noticias dedicado al Evento a partir del 1 de Enero del2015<br \/>\n7. Logotipo en la Revista AF WEEK speciale EXPO \u2013 revista distribuida semanalmente en el pabell\u00f3n<br \/>\n8. Presencia en el Trimestral AF &#8211; especial an\u00e0lisis de EXPO<br \/>\n9. Ubicaci\u00f3n del logotipo en los espacios exteriores y\/o internos de la estructura<br \/>\n10. Distribuci\u00f3n de material promocional<br \/>\n11. Presencia en la comunicaci\u00f3n del Congreso Mundial<br \/>\n12. Comercializaci\u00f3n esponsorizada (opcional)<br \/>\n<\/div><\/div>\n<div class=\"su-spoiler su-spoiler-style-fancy su-spoiler-icon-plus su-spoiler-closed\" data-scroll-offset=\"0\" data-anchor-in-url=\"no\"><div class=\"su-spoiler-title\" tabindex=\"0\" role=\"button\"><span class=\"su-spoiler-icon\"><\/span>ESPONSORIZACI\u00d3N<\/div><div class=\"su-spoiler-content su-u-clearfix su-u-trim\">\n<h3>Esponsorizaci\u00f3n<\/h3>\n<p>Es posible patrocinar la participaci\u00f3n del WAA-AMIA en la EXPO 2015 a trav\u00e9s de aportaciones econ\u00f3micas en efectivo, en pago de suministros y servicios o en suministro directo de materiales.<\/p>\n<p>Seg\u00fan el importe de la ayuda concedida, se identifican:<\/p>\n<p><b>Empresas<br \/>\n<\/b><b>Esponsor<\/b> <b>T\u00e9cnico<\/b><b>: <\/b>empresa que ha participado con sus propios productos o medios a la realizaci\u00f3n del stand y el pabell\u00f3n y\/o a su gesti\u00f3n &#8211; el importe del patrocinio debe ser evaluado como \u201cValue in Kind\u201d (aparece como patrocinador T\u00e9cnico)<br \/>\nEl \u201c<i>Value<\/i><i> in <\/i><i>Kind<\/i>\u201d no ser\u00e1 inferior a <b>5.000,00 \u20ac + IVA<\/b><\/p>\n<p><b>Esponsor<\/b><b> General:<br \/>\n<\/b>Esponsor durante todo el periodo del evento EXPO.<\/p>\n<p><b>Esponsor<\/b><b> Platinum:<br \/>\n<\/b>empresa que no entra en conflicto con los patrocinadores de la EXPO.<br \/>\nPosiciona su logo fuera del Pabell\u00f3n del CONAF<br \/>\nCantidad solicitada <b>\u20ac 100.000,00 + <\/b><b>descuento<\/b><b> 50%<\/b> en la compra de espacio en el interior del pabell\u00f3n (excluyendo per\u00edodo Congreso Mundial).<\/p>\n<p><b>Esponsor<\/b><b> Gold:<br \/>\n<\/b>empresa que no entra en conflicto con los patrocinadores de la EXPO.<br \/>\nPosiciona su logo fuera del Pabell\u00f3n del CONAF<br \/>\nCantidad solicitada <b>\u20ac 50.000,00 + <\/b><b>descuento<\/b><b> 30%<\/b> en la compra de espacio en el interior del pabell\u00f3n (excluyendo per\u00edodo Congreso Mundial).<\/p>\n<p><b>Esponsor<\/b> <b>Silver<\/b>:<br \/>\nEmpresa que tiene su marca fija en el interior del pabell\u00f3n del CONAF<br \/>\nCantidad solicitada <b>\u20ac 20.000,00 + descuento 15% <\/b>en la compra de espacio en el interior del pabell\u00f3n (excluyendo per\u00edodo Congreso Mundial).<\/p>\n<p><b>Esponsor<\/b><b> \u00a0<\/b><b>Bronze<\/b>:<br \/>\nEmpresa que tiene su marca fija en el interior del pabell\u00f3n del CONAF<br \/>\nCantidad solicitada <b>\u20ac 10.000,00 + descuento 5% <\/b>en la compra de espacio en el interior del pabell\u00f3n (excluyendo per\u00edodo Congreso Mundial).<br \/>\n<span style=\"line-height: 1.5;\"><\/div><\/div>\n<\/span><span style=\"line-height: 1.5;\"><div class=\"su-spoiler su-spoiler-style-fancy su-spoiler-icon-plus su-spoiler-closed\" data-scroll-offset=\"0\" data-anchor-in-url=\"no\"><div class=\"su-spoiler-title\" tabindex=\"0\" role=\"button\"><span class=\"su-spoiler-icon\"><\/span>ESPONSOR VI CONGRESO MUNDIAL<\/div><div class=\"su-spoiler-content su-u-clearfix su-u-trim\"><\/span><\/p>\n<h3><b>ESPONSOR VI CONGRESO MUNDIAL Mil\u00e0n, 14-18 Settembre 2015<\/b><b>\u00a0<\/b><\/h3>\n<p><b>ESPONSOR<\/b> \u00a0 \u20ac 3.000,00 + Iva<br \/>\n(logotipo)<\/p>\n<p><b>ESPONSOR OFICIAL \u00a0 <\/b>\u20ac 5.000,00 + Iva<br \/>\n(logotipo \u2013 material en carpeta)<\/p>\n<p><b>ESPONSOR PRINCIPAL \u00a0 <\/b>\u20ac 10.000,00 + Iva<br \/>\n(logotipo PRINCIPAL \u2013 material en carpetas \u2013 intervento t\u00e9cnico)<\/p>\n<\/div><\/div>\n<div class=\"su-spoiler su-spoiler-style-fancy su-spoiler-icon-plus su-spoiler-closed\" data-scroll-offset=\"0\" data-anchor-in-url=\"no\"><div class=\"su-spoiler-title\" tabindex=\"0\" role=\"button\"><span class=\"su-spoiler-icon\"><\/span>PARTICIPACI\u00d3N EN EL PABELL\u00d3N<\/div><div class=\"su-spoiler-content su-u-clearfix su-u-trim\">\n<span id=\"partecipazionepadiglione\"><\/span><\/p>\n<h3><b>PARTICIPACI\u00d3N EN EL PABELL\u00d3N<\/b><\/h3>\n<p><b>Esponsor<\/b><b> del <\/b><b>pabell\u00f3n<br \/>\n<\/b>Empresas interesadas en estar presente en el programa de la semana y tener su propia marca expuesta internamente en un panel y en todas las comunicaciones de la semana.<br \/>\nLos espacios est\u00e1n reservados a:<\/p>\n<ul>\n<li><b>SOCIOS INSTITUCIONALES<\/b><\/li>\n<li><b>A LOS PROFESIONALES<\/b><\/li>\n<\/ul>\n<p><b>SOCIOS INSTITUZIONALES:<br \/>\n<\/b><b>Socios<\/b><b> Premium:<br \/>\n<\/b>Agencias, Instituciones, Consejos Nacionales de otras profesiones, Colegios provinciales y organismos internacionales que tendr\u00e1n presencia con el logotipo en todo el per\u00edodo de la EXPO.<br \/>\nImporte solicitado <b>\u20ac 20.000 + 20% de descuento <\/b>por la compra de espacio en el interior del pabell\u00f3n<\/p>\n<p><b>Socios<\/b><b> Basic:<br \/>\n<\/b>Agencias, Instituciones, Consejos Nacionales de otras profesiones, Colegios provinciales, organismos extranjeros que estar\u00e1n presentes por un d\u00eda o por una semana espec\u00edfica comprando el espacio de exposici\u00f3n con el logotipo.<\/p>\n<h3><b>ESPACIO A LA PROFESI\u00d3N<\/b><\/h3>\n<p>Dedicado a <b>oficinas<\/b> o a un <b>grupo de oficinas<\/b> de profesionales interesados en exhibir y\/o presentarse durante uno o m\u00e1s d\u00edas (tambi\u00e9n en cooperaci\u00f3n con empresas).<\/p>\n<p>Compra de un espacio ya definido m\u00e1s uso del logotipo de la EXPO.<\/p>\n<p><b>ESPACIO FARMLAB &#8211; ESPAZIO A<br \/>\n<\/b>Espacio dedicado a reuniones o presentaciones tem\u00e1ticas.<br \/>\nProporciona asistencia en el lugar y comunicaci\u00f3n a trav\u00e9s de los canales CONAF y WAA.<br \/>\nSe pueden adquirir por un d\u00eda completo o medio d\u00eda.<\/p>\n<p><b>La superficie es de 64 m<\/b><b>2<\/b> con mesa redonda dedicada a encuentros y presentaciones. Los espacios se compran seg\u00fan la necesidad y el tiempo de permanencia.<\/p>\n<p>Costo diario \u00a0 <b>\u20ac 2.000,00 + Iva<br \/>\n<\/b>Costo de medio d\u00eda \u00a0 <b>\u20ac 1.000,00 + Iva<\/b><\/p>\n<p><b>ESPACIOS A TEMA<br \/>\n<\/b>\u00c0rea destinada a exposiciones y encuentros<\/p>\n<p><b>La superficie:<br \/>\n<\/b><b>32 m<\/b><b>2<\/b> preparados y dedicados a la presentaci\u00f3n di \u00ab<i>case <\/i><i>history<\/i>\u00bb y\/o actividad de divulgaci\u00f3n<\/p>\n<p><b>Espacio<\/b><b> B \u2013 <\/b><b>Sostenibilidad<\/b><b> e <\/b><b>Productividad<br \/>\n<\/b><b>Espacio<\/b><b> C \u2013 <\/b><b>Desarrollo<\/b><b> e <\/b><b>identidad<\/b><b> Local<br \/>\n<\/b><b>Espacio<\/b><b> D \u2013 <\/b><b>Biodiversidad<\/b><b> y <\/b><b>Mejora<\/b> <b>gen\u00e9tica<br \/>\n<\/b><b>Espacio<\/b><b> E \u2013 <\/b><b>Alimentaci\u00f3n<\/b><b> y <\/b><b>residuos<\/b> <b>Alimentarios<br \/>\n<\/b><b>Espacio<\/b> <b>F<\/b><b> \u2013 <\/b>Cambio clim\u00e1tico y territorio de producci\u00f3n<\/p>\n<p><b>Modalidad<\/b><b> de uso:<br \/>\n<\/b>Los espacios se compran seg\u00fan la necesidad y el tiempo de permanencia. Se proporciona asistencia en el lugar y comunicaci\u00f3n a trav\u00e9s de los canales CONAF y WAA.<\/p>\n<p><b>Coste de uso:<\/b><\/p>\n<ul>\n<li>Coste semanal <b>\u20ac 7.000,00 + Iva<\/b><\/li>\n<li>Costo diario\u00a0\u00a0\u00a0\u00a0\u00a0\u00a0 <b><b>\u20ac 1.000,00 + Iva<\/b><\/b><\/li>\n<\/ul>\n<p><b>Otras actividades que se desarrollar\u00e1n durante EXPO2015 con el objetivo de difundir, comunicar e informar:<\/b><\/p>\n<p><b>Marketing:<br \/>\n<\/b>Posibilidad de distribuir durante il periodo EXPO productos, fomentando la marca de la empresa y ayudando a promover su imagen.<\/p>\n<p><b>Visitas<\/b> <b>Guiadas<\/b><b> en EXPO:<br \/>\n<\/b>Visitas programadas y reservadas online, que incluyen actividades de demostraci\u00f3n sobre el tema del d\u00eda con un recorrido tem\u00e1tico del pabell\u00f3n (alimentos y bebidas acordados) y con el relativo kit de visita. El grupo m\u00e0ximo per 6 horas es de 15 personas. El costo incluye una visita guiada con tres ingenieros agr\u00f3nomos y de montes. El Costo por persona es de \u20ac 160,00.<\/p>\n<p><b>Visitas<\/b> <b>Guiadas<\/b><b> en <\/b><b>el<\/b> <b>Pabell\u00f3n<\/b><b>:<br \/>\n<\/b>Visitas programadas y reservadas online, que incluyen actividades de demostraci\u00f3n sobre el tema del d\u00eda con un recorrido tem\u00e1tico del pabell\u00f3n (alimentos y bebidas acordados) y con el relativo kit de visita. El grupo m\u00e0ximo per cada hora es de 15 personas. El costo incluye una visita guiada con dos ingenieros agr\u00f3nomos. El Costo por persona es de \u20ac 90,00.<\/p>\n<p><b>Visitas<\/b> <b>libres<\/b><b> sin <\/b><b>gu\u00eda<\/b><b>:<br \/>\n<\/b>Son visitas no programadas donde se prevee la compra del billete y visitas libres en el interior de EXPO.<\/p>\n<p>El Costo relativo a un solo billete por persona es de 25,00 \u20ac.<\/p>\n<\/div><\/div>\n<\/div>\n<h3>PREGUNTE POR EL TIPO DE PATROCINIO DE SU INTER\u00c9S<\/h3>\n<div class=\"su-tabs su-tabs-style-default su-tabs-mobile-stack\" data-active=\"1\" data-scroll-offset=\"0\" data-anchor-in-url=\"no\"><div class=\"su-tabs-nav\"><span class=\"\" data-url=\"\" data-target=\"blank\" tabindex=\"0\" role=\"button\">ESPONSORIZACI\u00d3N<\/span><span class=\"\" data-url=\"\" data-target=\"blank\" tabindex=\"0\" role=\"button\">PARTICIPACI\u00d3N EN EL PABELL\u00d3N<\/span><span class=\"\" data-url=\"\" data-target=\"blank\" tabindex=\"0\" role=\"button\">ESPONSOR VI CONGRESO MUNDIAL<\/span><\/div><div class=\"su-tabs-panes\"><div class=\"su-tabs-pane su-u-clearfix su-u-trim\" data-title=\"ESPONSORIZACI\u00d3N\">\n[dopbsp id=1]\n<\/div>\n<div class=\"su-tabs-pane su-u-clearfix su-u-trim\" data-title=\"PARTICIPACI\u00d3N EN EL PABELL\u00d3N\"> [dopbsp id=3]<\/div>\n<div class=\"su-tabs-pane su-u-clearfix su-u-trim\" data-title=\"ESPONSOR VI CONGRESO MUNDIAL\">[dopbsp id=2] <\/div><\/div><\/div>\n<p>Para mayor informaci\u00f3n contactar:<\/p>\n<p><b>Agicom<\/b> <b>srl<br \/>\n<\/b><b>Concessionaria di Pubblicit\u00e0<\/b><\/p>\n<p>Via Flaminia, 20<br \/>\n00060 Castelnuovo di Porto (RM)<br \/>\nTel. 069078285<br \/>\nFax. 069079256<br \/>\nSkype: agicom.advertising<br \/>\nPersone di riferimento: Dr. Luca M\u00e0llamo 335 8225239\u00a0\/\u00a0346 7588821<\/p>\n<p>Mail:\u00a0conafexpo2015sponsor@agicom.it<\/p>\n<p>Dr. Luca M\u00e0llamo,\u00a0Dott.ssa Manuela Zuliani ,\u00a0Dott.ssa Waleria Tisato,\u00a0Dott.ssa Domenica Cipriani","protected":false},"excerpt":{"rendered":"<p>La World Association of Agronomists (WWA) en la Asamblea del 20 de septiembre de 2012 en la ciudad de Quebec, ha delegado al Consiglio Nazionale dei Dottori Agronomi e Dottori Forestali \u2013 CONAF \u2013 (equivalente italiano del Consejo General de los Colegios Oficiales de Ingenieros Agronomos) \u2013 a organizar el VI Congreso Mundial de Agr\u00f3nomos [&hellip;]<\/p>\n","protected":false},"author":1,"featured_media":814,"parent":0,"menu_order":0,"comment_status":"open","ping_status":"open","template":"","meta":[],"_links":{"self":[{"href":"https:\/\/www.worldagronomistsassociation.org\/es\/wp-json\/wp\/v2\/pages\/1747"}],"collection":[{"href":"https:\/\/www.worldagronomistsassociation.org\/es\/wp-json\/wp\/v2\/pages"}],"about":[{"href":"https:\/\/www.worldagronomistsassociation.org\/es\/wp-json\/wp\/v2\/types\/page"}],"author":[{"embeddable":true,"href":"https:\/\/www.worldagronomistsassociation.org\/es\/wp-json\/wp\/v2\/users\/1"}],"replies":[{"embeddable":true,"href":"https:\/\/www.worldagronomistsassociation.org\/es\/wp-json\/wp\/v2\/comments?post=1747"}],"version-history":[{"count":45,"href":"https:\/\/www.worldagronomistsassociation.org\/es\/wp-json\/wp\/v2\/pages\/1747\/revisions"}],"predecessor-version":[{"id":1894,"href":"https:\/\/www.worldagronomistsassociation.org\/es\/wp-json\/wp\/v2\/pages\/1747\/revisions\/1894"}],"wp:featuredmedia":[{"embeddable":true,"href":"https:\/\/www.worldagronomistsassociation.org\/es\/wp-json\/wp\/v2\/media\/814"}],"wp:attachment":[{"href":"https:\/\/www.worldagronomistsassociation.org\/es\/wp-json\/wp\/v2\/media?parent=1747"}],"curies":[{"name":"wp","href":"https:\/\/api.w.org\/{rel}","templated":true}]}}