{"id":1747,"date":"2014-12-04T01:12:49","date_gmt":"2014-12-04T00:12:49","guid":{"rendered":"https:\/\/www.worldagronomistsassociation.org\/?page_id=1747"},"modified":"2015-06-25T14:26:20","modified_gmt":"2015-06-25T12:26:20","slug":"waa-for-expo2015","status":"publish","type":"page","link":"https:\/\/www.worldagronomistsassociation.org\/it\/waa-for-expo2015\/","title":{"rendered":"PROGRAMMA DI SPONSORIZZAZIONE  WAA FOR EXPO2015 &#8211; La Fattoria Globale del Futuro 2.0"},"content":{"rendered":"DEGLI SPAZILa World Association of Agronomists nell\u2019assemblea del 20 settembre 2012 in Quebec City ha delegato il Consiglio Nazionale dei Dottori Agronomi e Dottori Forestali \u2013 CONAF \u2013 ad organizzare il VI Congresso Mondiale degli agronomi e le attivit\u00e0 relative all\u2019esposizione universale del 2015 in Milano.<\/p>\n<p>Il Consiglio Nazionale ha elaborato una proposta progettuale per la partecipazione ad Expo2015, denominata <strong>WAA for EXPO2015 \u2013 La Fattoria Globale del Futuro 2.0<\/strong>, <em>approvata dalla societ\u00e0 EXPO2015, oggetto di contratto di partecipazione sottoscritto in data 9 luglio 2014 prot. 10\/2014 WAA<\/em>. Con delibera CONAF n. 447\/2014 \u00e8 stata approvata l\u2019integrazione al contratto di partecipazione per l\u2019allestimento di un proprio spazio espositivo denominato: <strong>\u201cThe Agronomist \u2013 Fattoria Globale Lab 2.0\u201d<\/strong>.<\/p>\n<h3>IL PADIGLIONE<\/h3>\n<p><img src=\"https:\/\/www.worldagronomistsassociation.org\/wp-content\/uploads\/prospetto.png\" alt=\"\" \/><\/p>\n<h3>I FLUSSI<\/h3>\n<p><img src=\"https:\/\/www.worldagronomistsassociation.org\/wp-content\/uploads\/flussi.png\" alt=\"\" \/><\/p>\n<div class=\"su-accordion su-u-trim\">\n<div class=\"su-spoiler su-spoiler-style-fancy su-spoiler-icon-plus su-spoiler-closed\" data-scroll-offset=\"0\" data-anchor-in-url=\"no\"><div class=\"su-spoiler-title\" tabindex=\"0\" role=\"button\"><span class=\"su-spoiler-icon\"><\/span>INTRODUZIONE<\/div><div class=\"su-spoiler-content su-u-clearfix su-u-trim\">\nTutte le attivit\u00e0 di sponsorizzazione dell\u2019evento devono essere compatibili con il regolamento di sponsorizzazione pubblicato nel sito <a href=\"http:\/\/www.conaf.it\/sites\/default\/files\/reg-sponsorizzazioniCONAF-.pdf\">http:\/\/www.conaf.it\/sites\/default\/files\/reg-sponsorizzazioniCONAF-.pdf<\/a>, con il Codice deontologico dei dottori agronomi e dei dottori forestali pubblicato nel sito <a href=\"http:\/\/www.conaf.it\/codice-deontologico-dottori-agronomi-dottori-forestali-italiani\">http:\/\/www.conaf.it\/codice-deontologico-dottori-agronomi-dottori-forestali-italiani<\/a> e compatibili con le disposizioni emanate dalla societ\u00e0 EXPO2015 spa in materia.<\/p>\n<p>Con delibera n. 448\/2014 il Consiglio Nazionale dei dottori agronomi e dei dottori forestali ha designato il Presidente Andrea Sisti direttore del Partecipante ai sensi della Special Regulation di Expo 2015 e del BIE, in particolare del cap III della Special regulation n. 2.<\/p>\n<p>Il programma di partecipazione si svilupper\u00e0 nei sei mesi e vedr\u00e0 la partecipazione delle 48 organizzazioni aderenti alla World Association of Agronomist, delle associazioni europee, oltre che delle Federazioni regionali e degli ordini territoriali dei dottori agronomi e dottori forestali, italiani nonch\u00e9 degli ordini professionali delle diverse categorie professionali italiani ed europei. Il programma \u00e8 inserito nelle programmazione generale di EXPO2015.<\/p>\n<p>Il programma WAA for EXPO2015 \u00e8 disponibile nel sito dell\u2019organizzazione mondiale nelle tre lingue ufficiali (Inglese, Italiano e Spagnolo) ed avr\u00e0 vari stati di evoluzione ed una specificit\u00e0 per le attivit\u00e0 del VI Congresso Mondiale degli agronomi che si terr\u00e0 nella settimana dal 14 al 18 settembre 2015.<\/p>\n<p>Il titolo del VI Congresso Mondiale \u00e8 denominato \u201c<strong>Cibo e Identit\u00e0: la fattoria globale del futuro<\/strong>&#8220;. Le attivit\u00e0 del Programma WAA for EXPO2015, La Fattoria Globale del Futuro sono disponibili anche nel sito Ufficiale dell\u2019Esposizione all\u2019indirizzo <a href=\"http:\/\/www.expo2015.org\/cs\/Satellite?c=CivilSociety&amp;childpagename=EXPO\/CivilSociety\/EXPOLayoutCivilSociety3&amp;cid=1392229279701&amp;pagename=EXPOWrapper\">http:\/\/www.expo2015.org\/cs\/Satellite?c=CivilSociety&#038;childpagename=EXPO%2FCivilSociety%2FEXPOLayoutCivilSociety3&#038;cid=1392229279701&#038;pagename=EXPOWrapper<\/a><\/p>\n<p>La Fattoria Globale rappresenta l\u2019unit\u00e0 di misura per la valutazione del benessere del Pianeta dove le diverse componenti ambientali e produttive si misurano. L\u2019innovazione di metodo \u00e8 quello di considerare il territorio del pianeta un grande puzzle costituito da Fattorie e quindi le stesse sono, con i loro comportamenti, il termometro con cui misurarne lo stato di efficienza.<\/p>\n<p>Da qui la necessit\u00e0 della realizzazione del concetto di Fattoria Lab 2.0, un laboratorio che si inserisce nei contesti territoriali e nelle aziende dove attraverso il lavoro degli agronomi si sviluppano nuovi processi, nuovi metodi e nuovi prodotti.<\/p>\n<p>Il <strong>PADIGLIONE<\/strong> materializza la raffigurazione contestuale del progetto di partecipazione della World Association of Agronomist nel quale verranno rappresentati i temi, le pratiche e le innovazioni della Fattoria Globale.<\/p>\n<p>Nel semestre di rappresentazione dell\u2019esposizione universale, quindi, si attuer\u00e0 il programma di partecipazione Fattoria Globale del Futuro (FGF 2.0)\u201d. In particolare si evidenzieranno:<\/p>\n<ul>\n<li>le migliori pratiche;<\/li>\n<li>la comparazione delle pratiche nei diversi contesti territoriali;<\/li>\n<li>i flussi di innovazione e del suo trasferimento;<\/li>\n<li>le modalit\u00e0 di produzione di cibo in relazione al proprio territorio;<\/li>\n<li>la crescita sostenibile e le identit\u00e0 delle comunit\u00e0 locali.<\/li>\n<\/ul>\n<p>I temi oggetto di attivit\u00e0 e conferenze all\u2019interno dello spazio espositivo durante il periodo della manifestazione internazionale saranno i seguenti:<\/p>\n<ul>\n<li>Biodiversit\u00e0 e miglioramento genetico<\/li>\n<li>Sostenibilit\u00e0 e Produttivit\u00e0<\/li>\n<li>Sviluppo ed identit\u00e0 locale<\/li>\n<li>Alimentazione e scarti alimentari<\/li>\n<li>Cultura progettuale e responsabilit\u00e0 sociale<\/li>\n<li>Cambiamenti climatici e territorio di produzione<\/li>\n<\/ul>\n<\/div><\/div>\n<div class=\"su-spoiler su-spoiler-style-fancy su-spoiler-icon-plus su-spoiler-closed\" data-scroll-offset=\"0\" data-anchor-in-url=\"no\"><div class=\"su-spoiler-title\" tabindex=\"0\" role=\"button\"><span class=\"su-spoiler-icon\"><\/span>LOCALIZZAZIONE DEL PADIGLIONE<\/div><div class=\"su-spoiler-content su-u-clearfix su-u-trim\">\n<h3><b>La localizzazione del Padiglione<\/b><br \/>\n<img src=\"https:\/\/www.worldagronomistsassociation.org\/wp-content\/uploads\/screen1.jpg\" alt=\"\" \/><br \/>\n<img src=\"https:\/\/www.worldagronomistsassociation.org\/wp-content\/uploads\/screen2.jpg\" alt=\"\" \/><\/h3>\n<\/div><\/div>\n<div class=\"su-spoiler su-spoiler-style-fancy su-spoiler-icon-plus su-spoiler-closed\" data-scroll-offset=\"0\" data-anchor-in-url=\"no\"><div class=\"su-spoiler-title\" tabindex=\"0\" role=\"button\"><span class=\"su-spoiler-icon\"><\/span>LA FARMLAB 2.0<\/div><div class=\"su-spoiler-content su-u-clearfix su-u-trim\">\n<span id=\"farmlab\"><\/span><\/p>\n<h3><b>LA FARMLAB 2.0<\/b><\/h3>\n<p><img src=\"https:\/\/www.worldagronomistsassociation.org\/wp-content\/uploads\/screen4.jpg\" alt=\"\" \/><br \/>\n<\/div><\/div>\n<div class=\"su-spoiler su-spoiler-style-fancy su-spoiler-icon-plus su-spoiler-closed\" data-scroll-offset=\"0\" data-anchor-in-url=\"no\"><div class=\"su-spoiler-title\" tabindex=\"0\" role=\"button\"><span class=\"su-spoiler-icon\"><\/span>STRUMENTI DI COMUNICAZIONE<\/div><div class=\"su-spoiler-content su-u-clearfix su-u-trim\">\n<span id=\"strumenticomunicazione\"><\/span><\/p>\n<h3>STRUMENTI DI COMUNICAZIONE<\/h3>\n<p>Per il riscontro di visibilit\u00e0 e di prestigio che l\u2019evento potr\u00e0 garantire ai soggetti sostenitori, il Consiglio dell\u2019Ordine Nazionale dei Dottori Agronomi e dei Dottori Forestali chiede agli interlocutori pi\u00f9 qualificati di partecipare e sostenere l\u2019iniziativa consentendo, nelle forme di seguito riportate e da concordare, la promozione del Marchio e del nome.<\/p>\n<p>La presenza del marchio dello Sponsor e di spazi diversi compariranno, in base al tipo di sponsorizzazione scelta, in vario modo su tutti gli strumenti di comunicazione che accompagneranno e\/o seguiranno EXPO Conaf e all\u2019interno della Fattoria Globale:<\/p>\n<ul>\n<li>Visibilit\u00e0 sul portale dedicato all\u2019evento: banner \u2013 spazio approfondimento ecc.<\/li>\n<li>Logo Visual Cartaceo \u2013 comunicazione EXPO su cui \u00e8 presente WAA \u2013AMIA rappresentato dal CONAF<\/li>\n<li>Inserimento del logo nell\u2019intero palinsesto EXPO<\/li>\n<li>Logo nella sezione dedicata nel Sito Web Dell\u2019Evento <a href=\"http:\/\/www.conaf.it\/\">http:\/\/www.conaf.it<\/a><\/li>\n<li>Logo nella sezione dedicata nel Sito web a diffusione mondiale <a href=\"https:\/\/www.worldagronomistsassociation.org\/it\">http:\/\/www.worldagronomistsassociation.org\/it<\/a><\/li>\n<li>Logo nella NewsLetter dedicata all\u2019Evento con invio a partire dal 1 gennaio 2015<\/li>\n<li>Logo nella Rivista AF WEEK speciale EXPO \u2013 quartino settimanale distribuito all\u2019interno del padiglione<\/li>\n<li>Presenza sul Trimestrale AF &#8211; speciale approfondimenti su EXPO<\/li>\n<li>Apposizione del logo negli spazi esterni e\/o interni alla struttura<\/li>\n<li>Distribuzione di materiale promozionale DESK Accettazione<\/li>\n<li>Presenza sulla Comunicazione del Congresso Mondiale<\/li>\n<li>Merchandising sponsorizzato ( opzionale)<\/li>\n<\/ul>\n<\/div><\/div>\n<div class=\"su-spoiler su-spoiler-style-fancy su-spoiler-icon-plus su-spoiler-closed\" data-scroll-offset=\"0\" data-anchor-in-url=\"no\"><div class=\"su-spoiler-title\" tabindex=\"0\" role=\"button\"><span class=\"su-spoiler-icon\"><\/span>SPONSORIZZAZIONI<\/div><div class=\"su-spoiler-content su-u-clearfix su-u-trim\">\n<h3>SPONSORIZZAZIONI<\/h3>\n<p>E\u2019 possibile sponsorizzare la partecipazione del WAA-AMIA ad EXPO2015 attraverso <b>contributi economici <\/b>in denaro, <b>pagamento di forniture e servizi <\/b>o<b> fornitura diretta di materiali<\/b>.<br \/>\nSecondo l\u2019entit\u00e0 del contributo concesso, si individuano:<br \/>\n<b><\/b><\/p>\n<p><b>IMPRESE<br \/>\n<\/b><b>Sponsor Tecnico : <\/b>azienda che abbia partecipato con i proprio prodotti o mezzi alla realizzazione dello stand e del padiglione e\/o della sua gestione \u2013 l\u2019entit\u00e0 della sponsorizzazione va valutata come Value in Kind (per comparire come sponsor Tecnico )<br \/>\nIl Value in Kind non potr\u00e0 essere inferiore a <b>\u20ac 5.000,00 + iva<\/b><\/p>\n<p><b>General sponsor \u2013 <\/b>Sponsor per tutto il periodo evento EXPO<\/p>\n<p><b>Platinum Sponsor : <\/b>azienda che non \u00e8 in contrasto con gli sponsor di EXPO che affianca il proprio logo esterno al Padiglione del CONAF<br \/>\nImporto richiesto <b>\u20ac 100.000,00 + sconto 50%<\/b> sull\u2019acquisto di spazi all\u2019interno del padiglione (escluso periodo Congresso Mondiale).<\/p>\n<p><b>Gold Sponsor : <\/b>azienda che non \u00e8 in contrasto con gli sponsor di EXPO che affianca il proprio logo esterno al Padiglione del CONAF<br \/>\nImporto richiesto <b>\u20ac 50.000,00 + sconto 30%<\/b> sull\u2019acquisto di spazi all\u2019interno del padiglione (escluso periodo Congresso Mondiale)<\/p>\n<p><b>Silver Sponsor : <\/b>Azienda che ha il marchio fisso all\u2019interno del padiglione CONAF<br \/>\nImporto richiesto <b>\u20ac 20.000 + sconto 15 %<\/b> sull\u2019acquisto di spazi all\u2019interno del padiglione (escluso periodo Congresso Mondiale)<\/p>\n<p><b>Bronze<\/b><b> Sponsor : <\/b>Azienda che ha il marchio fisso all\u2019interno del padiglione CONAF<br \/>\nImporto richiesto <b>\u20ac 10.000 + sconto 5 %<\/b> sull\u2019acquisto di spazi all\u2019interno del padiglione (escluso periodo Congresso Mondiale)<br \/>\n<\/div><\/div>\n<div class=\"su-spoiler su-spoiler-style-fancy su-spoiler-icon-plus su-spoiler-closed\" data-scroll-offset=\"0\" data-anchor-in-url=\"no\"><div class=\"su-spoiler-title\" tabindex=\"0\" role=\"button\"><span class=\"su-spoiler-icon\"><\/span>SPONSOR VI CONGRESSO MONDIALE<\/div><div class=\"su-spoiler-content su-u-clearfix su-u-trim\">\n<span id=\"sponsorcongressomondiale\"><\/span><\/p>\n<h3><b>SPONSOR VI CONGRESSO MONDIALE<br \/>\n<\/b><b>Milano 14-18 Settembre 2015 \u00a0<\/b><\/h3>\n<p>SPONSOR \u20ac 3.000,00 + Iva (logo)<br \/>\nOFFICIAL SPONSOR \u20ac 5.000,00 + Iva\u00a0(logo \u2013 materiale in cartellina)<br \/>\nMAIN SPONSOR \u20ac 10.000,00 + Iva\u00a0(logo MAIN \u2013 materiale in cartellina \u2013 intervento tecnico)<br \/>\n<\/div><\/div>\n<div class=\"su-spoiler su-spoiler-style-fancy su-spoiler-icon-plus su-spoiler-closed\" data-scroll-offset=\"0\" data-anchor-in-url=\"no\"><div class=\"su-spoiler-title\" tabindex=\"0\" role=\"button\"><span class=\"su-spoiler-icon\"><\/span>PARTECIPAZIONE AL PADIGLIONE<\/div><div class=\"su-spoiler-content su-u-clearfix su-u-trim\">\n<span id=\"partecipazionepadiglione\"><\/span><\/p>\n<h3><b>PARTECIPAZIONE AL PADIGLIONE<\/b><\/h3>\n<p><b>Sponsor di Padiglione<br \/>\n<\/b>Aziende interessate ad essere presenti nel palinsesto della settimana e ad avere il marchio esposto internamente in un panel e su tutta la comunicazione della settimana.<br \/>\nGli Spazi sono riservati a:<br \/>\n&#8211;<b>PARTNER ISTITUZIONALI<br \/>\n<\/b>&#8211;<b>AI PROFESSIONISTI<\/b><\/p>\n<p><b>PARTNER ISTITUZIONALI<br \/>\n<\/b><b>Premium Partnership :\u00a0<\/b>Enti, Istituzioni, Consigli Nazionali di altre professioni, Ordini regionali, Enti internazionali che avranno presenza con il logo in tutto il periodo EXPO.<br \/>\nImporto richiesto <b>\u20ac 20.000 + sconto 20%<\/b> sull\u2019acquisto di spazi all\u2019interno del padiglione<\/p>\n<p><b>Basic Partnership :\u00a0<\/b>Enti, Istituzioni, Consigli Nazionali di altre professioni, Ordini regionali, Enti Stranieri che saranno presenti per una giornata o per una settimana specifica con acquisto dello spazio espositivo con il logo nello stesso.<\/p>\n<p><b><br \/>\nSPAZIO ALLA PROFESSIONE<br \/>\n<\/b>Rivolto allo studio o ad un gruppo di studi professionali interessati ad esporre e\/o a presentarsi durante una o pi\u00f9 giornate (anche in collaborazione con imprese).<br \/>\nAcquisto dello spazio definito gi\u00e0 preallestito pi\u00f9 uso del logo EXPO.<br \/>\n<span id=\"spazipadiglione\"><\/span><\/p>\n<h3><b>GLI SPAZI DEL PADIGLIONE<\/b><\/h3>\n<p><b>SPAZIO FARMLAB &#8211; SPAZIO A<br \/>\n<\/b>Area destinata ad incontri a tema o presentazioni<br \/>\nPrevede lo spazio assistenza on site e comunicazione attraverso i canali CONAF e WAA.<br \/>\nPotr\u00e0 essere acquistata per un\u2019intera giornata o per mezza giornata.<\/p>\n<p><b>La superficie \u00e8 di 64mq<\/b> con tavola rotonda dedicata ad incontri e presentazioni Gli spazi sono acquistati a seconda delle necessit\u00e0 e tempo di permanenza<br \/>\nCosto giornaliero <b>\u20ac 2.000,00 + Iva<br \/>\n<\/b>Costo di mezza giornata <b>\u20ac 1.000,00 + Iva<\/b><\/p>\n<p><b>SPAZI A TEMA<br \/>\n<\/b>Area destinata ad esposizione ed incontri<br \/>\n<b>La superficie \u00e8 di\u00a0<\/b><b>32mq <\/b>preallestiti dedicati a presentazioni di case history e\/o attivit\u00e0 divulgativa<\/p>\n<ul>\n<li><span style=\"color: #993300;\">Spazio B \u2013 Sostenibilit\u00e0 e Produttivit\u00e0<\/span><\/li>\n<li><span style=\"color: #808000;\"><span style=\"color: #808000;\">Spazio C \u2013Sviluppo ed identit\u00e0 locale<\/span><\/span><\/li>\n<li><span style=\"color: #ffcc00;\">Spazio D \u2013 Biodiversit\u00e0 e miglioramento genetico<\/span><\/li>\n<li><span style=\"color: #99cc00;\">Spazio E \u2013 Alimentazione e scarti alimentari<\/span><\/li>\n<li><span style=\"color: #ff6600;\"><b>Spazio <\/b><b>F<\/b><b> &#8211; <\/b>Cambiamenti climatici e territorio di produzione<\/span><\/li>\n<\/ul>\n<p><b>Modalit\u00e0 di uso<br \/>\n<\/b>Gli spazi sono acquistati a seconda delle necessit\u00e0 e tempo di permanenza. Prevede l\u2019assistenza on site e comunicazione attraverso i canali CONAF e WAA.<\/p>\n<p><b>I Costi di utilizzo<br \/>\n<\/b>Costo settimanale <b>\u20ac 7.000,00 + Iva<br \/>\n<\/b>Costo giornaliero<b> <b>\u20ac 1.000,00 + Iva<\/b><\/b><\/p>\n<p><b>Altre Attivit\u00e0 svolte durante il periodo di EXPO finalizzate a diffondere, comunicare e informare.<\/b><\/p>\n<p><b>Merchandising o Co-Marketing<br \/>\n<\/b>Possibilit\u00e0 di distribuire durante il periodo EXPO prodotti, veicolando il brand dell\u2019azienda contribuendo a promuovere la propria immagine.<\/p>\n<p><b>Visite Guidate <\/b><b>all<\/b><b>\u2019<\/b><b>EXPO<br \/>\n<\/b>Sono visite programmate su prenotazione online che comprendono le attivit\u00e0 dimostrative sul tema della giornata, il tour tematico del padiglione (il food and beverage \u00e8 in convenzione) con il relativo Kit di visita. Il gruppo massimo per ogni 6 ore\u00a0\u00a0 \u00e8 di 15 persone. Il costo comprende la visita guidata con tre agronomi e forestali professionisti. Il Costo per persona \u00e8 di 160,00 \u20ac.<\/p>\n<p><b>Visite Guidate al Padiglione<br \/>\n<\/b>Sono visite programmate su prenotazione online che comprendono le attivit\u00e0 dimostrative sul tema della giornata, il tour tematico del padiglione (il food and beverage \u00e8 in convenzione) con il relativo Kit di visita. Il gruppo massimo per ogni ora \u00e8 di 15 persone. \u20ac. Il costo comprende la visita guidata con due agronomi professionisti. Il Costo per persona \u00e8 di 90,00 \u20ac<\/p>\n<p><b>Visite in Autonomia<br \/>\n<\/b>Sono visite non programmate dove si prevede il solo acquisto del biglietto con visite libere all\u2019Interno di EXPO. Il Costo, relativo al solo biglietto, per persona \u00e8 di 25,00 \u20ac.<br \/>\n<span id=\"contattaci\"><\/span><br \/>\n<\/div><\/div>\n<\/div>\n<p>&#8211; <a href=\"https:\/\/www.worldagronomistsassociation.org\/wp-content\/uploads\/Il-progetto-di-sponsorizzazione.pdf\">Il progetto di sponsorizzazione<\/a><br \/>\n&#8211; <a href=\"https:\/\/www.worldagronomistsassociation.org\/wp-content\/uploads\/All._1_MANIFESTAZIONE-DI-INTERESSE-PER-LUTILIZZO-DEGLI-SPAZI.pdf\">MANIFESTAZIONE DI INTERESSE PER L&#8217;UTILIZZO DEGLI SPAZI<\/a><\/p>\n<h3>RICHIEDI INFORMAZIONI PER LA TIPOLOGIA DI SPONSORIZZAZIONE DI TUOI INTERESSE<\/h3>\n<p><strong>Seleziona le date\u00a0per cui vorresti affittare lo spazio o ricevere informazioni, inserisci i tuoi dati e verrai ricontattato da uno dei nostri incaricati<\/strong><br \/>\n<div class=\"su-tabs su-tabs-style-default su-tabs-mobile-stack\" data-active=\"1\" data-scroll-offset=\"0\" data-anchor-in-url=\"no\"><div class=\"su-tabs-nav\"><span class=\"\" data-url=\"\" data-target=\"blank\" tabindex=\"0\" role=\"button\">BRANDING EXPO<\/span><span class=\"\" data-url=\"\" data-target=\"blank\" tabindex=\"0\" role=\"button\">SPONSORIZZAZIONE<\/span><span class=\"\" data-url=\"\" data-target=\"blank\" tabindex=\"0\" role=\"button\">PARTECIPAZIONE AL PADIGLIONE<\/span><span class=\"\" data-url=\"\" data-target=\"blank\" tabindex=\"0\" role=\"button\">SPONSOR VI CONGRESSO MONDIALE<\/span><\/div><div class=\"su-tabs-panes\"><div class=\"su-tabs-pane su-u-clearfix su-u-trim\" data-title=\"BRANDING EXPO\">\nSolo per Iscritti CONAF, Ordini Provinciali e Federazioni Regionali.<br \/>\nUtilizzo Logo EXPO 500,00 \u20ac<\/p>\n[contact-form-7 id=&#8221;1812&#8243; title=&#8221;Branding EXPO&#8221;]\n<p><strong>Per chiarimenti e maggiori informazioni contattare:<br \/>\nSegreteria CONAF<br \/>\n<\/strong>tel. 06 8540174<br \/>\ne-mail <a href=\"mailto:serviziosegreteria@conaf.it\">serviziosegreteria@conaf.it<\/a><strong><br \/>\n<\/strong><\/p>\n<\/div>\n<div class=\"su-tabs-pane su-u-clearfix su-u-trim\" data-title=\"SPONSORIZZAZIONE\">\n<\/span><span style=\"line-height: 1.5;\">[contact-form-7 id=&#8221;1815&#8243; title=&#8221;Sponsor&#8221;]\n<\/span><span style=\"line-height: 1.5;\"><\/div>\n<div class=\"su-tabs-pane su-u-clearfix su-u-trim\" data-title=\"PARTECIPAZIONE AL PADIGLIONE\">\n<\/span>[dopbsp id=1]<\/div>\n<div class=\"su-tabs-pane su-u-clearfix su-u-trim\" data-title=\"SPONSOR VI CONGRESSO MONDIALE\">\n[contact-form-7 id=&#8221;1813&#8243; title=&#8221;SPONSOR VI CONGRESSO MONDIALE&#8221;]\n<\/span><\/div><\/div><\/div>\n<p>&nbsp;<\/p>\n<p>Per chiarimenti e maggiori informazioni contattare:<br \/>\n<b>Agicom<\/b> <b>srl &#8211;\u00a0<\/b><b>Concessionaria di Pubblicit\u00e0<br \/>\n<\/b>Via Flaminia, 20 &#8211;\u00a000060 Castelnuovo di Porto (RM)<br \/>\nTel. 069078285 \/\u00a0Fax. 069079256<br \/>\nSkype: agicom.advertising<br \/>\nPersone di riferimento:\u00a0Dr. Luca M\u00e0llamo,\u00a0Dott.ssa Manuela Zuliani ,\u00a0Dott.ssa Waleria Tisato,\u00a0Dott.ssa Domenica Cipriani\u00a0\u00a0335 8225239\u00a0\/\u00a0346 7588821<br \/>\nMail:\u00a0conafexpo2015sponsor@agicom.it","protected":false},"excerpt":{"rendered":"<p>DEGLI SPAZILa World Association of Agronomists nell\u2019assemblea del 20 settembre 2012 in Quebec City ha delegato il Consiglio Nazionale dei Dottori Agronomi e Dottori Forestali \u2013 CONAF \u2013 ad organizzare il VI Congresso Mondiale degli agronomi e le attivit\u00e0 relative all\u2019esposizione universale del 2015 in Milano. Il Consiglio Nazionale ha elaborato una proposta progettuale per [&hellip;]<\/p>\n","protected":false},"author":1,"featured_media":814,"parent":0,"menu_order":0,"comment_status":"open","ping_status":"open","template":"","meta":[],"_links":{"self":[{"href":"https:\/\/www.worldagronomistsassociation.org\/it\/wp-json\/wp\/v2\/pages\/1747"}],"collection":[{"href":"https:\/\/www.worldagronomistsassociation.org\/it\/wp-json\/wp\/v2\/pages"}],"about":[{"href":"https:\/\/www.worldagronomistsassociation.org\/it\/wp-json\/wp\/v2\/types\/page"}],"author":[{"embeddable":true,"href":"https:\/\/www.worldagronomistsassociation.org\/it\/wp-json\/wp\/v2\/users\/1"}],"replies":[{"embeddable":true,"href":"https:\/\/www.worldagronomistsassociation.org\/it\/wp-json\/wp\/v2\/comments?post=1747"}],"version-history":[{"count":45,"href":"https:\/\/www.worldagronomistsassociation.org\/it\/wp-json\/wp\/v2\/pages\/1747\/revisions"}],"predecessor-version":[{"id":1894,"href":"https:\/\/www.worldagronomistsassociation.org\/it\/wp-json\/wp\/v2\/pages\/1747\/revisions\/1894"}],"wp:featuredmedia":[{"embeddable":true,"href":"https:\/\/www.worldagronomistsassociation.org\/it\/wp-json\/wp\/v2\/media\/814"}],"wp:attachment":[{"href":"https:\/\/www.worldagronomistsassociation.org\/it\/wp-json\/wp\/v2\/media?parent=1747"}],"curies":[{"name":"wp","href":"https:\/\/api.w.org\/{rel}","templated":true}]}}